{"id":412,"date":"2024-10-31T15:36:34","date_gmt":"2024-10-31T15:36:34","guid":{"rendered":"https:\/\/gllintor.com\/?page_id=412"},"modified":"2025-11-21T09:01:53","modified_gmt":"2025-11-21T09:01:53","slug":"terms-and-conditions","status":"publish","type":"page","link":"https:\/\/gllintor.com\/it\/terms-and-conditions\/","title":{"rendered":"Termini e condizioni"},"content":{"rendered":"<h3 class=\"wp-block-heading\">Linee guida generali<\/h3><p>Accedendo a Gllintor ed effettuando un ordine, l'utente dichiara di accettare e di impegnarsi a rispettare i termini di servizio delineati nei seguenti Termini e condizioni. Questi termini si applicano alla totalit\u00e0 del sito web e a qualsiasi corrispondenza, comprese le e-mail, tra l'utente e Gllintor.<\/p><p>Per questi Termini e Condizioni:<\/p><ul class=\"wp-block-list\"><li><strong>Azienda:<\/strong> In questa informativa, quando si fa riferimento alla \"Societ\u00e0\", \"noi\", \"ci\" o \"nostro\", ci si riferisce a SHAPESCAPE LIMITED (con sede legale in 128 City Road, Londra, Regno Unito, EC1V 2NX, e numero di registrazione 16055583), che \u00e8 responsabile delle informazioni dell'utente ai sensi dei presenti Termini e condizioni.<\/li>\n\n<li><strong>Paese: <\/strong>Il luogo in cui SHAPESCAPE LIMITE o i suoi proprietari\/fondatori sono situati, in questo caso, \u00e8 il Regno Unito.<\/li>\n\n<li><strong>Dispositivo<\/strong>: Qualsiasi dispositivo connesso a Internet, inclusi, a titolo esemplificativo, telefoni, tablet, computer o qualsiasi altro dispositivo in grado di accedere a SHAPESCAPE LIMITED e ai suoi servizi.<\/li>\n\n<li><strong>Servizio: <\/strong>Indica il Servizio fornito da SHAPESCAPE LIMITED come indicato nei termini corrispondenti (se disponibili) e su questa piattaforma.<\/li>\n\n<li><strong>Servizio di terze parti: <\/strong>Si riferisce a inserzionisti, sponsor di concorsi, partner promozionali e di marketing e altri soggetti che forniscono i nostri contenuti o i cui prodotti o servizi riteniamo possano interessarvi.<\/li>\n\n<li><strong>Sito web: <\/strong>Il sito web di SHAPESCAPE LIMITED \u00e8 accessibile tramite questo URL: <a href=\"https:\/\/gllintor.com\/it\/\">gllintor.com<\/a>.<\/li>\n\n<li><strong>Tu: <\/strong>Un individuo o un'entit\u00e0 registrata presso SHAPESCAPE LIMITED per utilizzare i Servizi.<\/li><\/ul><h3 class=\"wp-block-heading\">Limitazioni d'uso<\/h3><p>Voi acconsentite a non farlo e non permettete che altri lo facciano:<\/p><ul class=\"wp-block-list\"><li>concedere in licenza, vendere, affittare, noleggiare, assegnare, distribuire, trasmettere, ospitare, esternalizzare, divulgare o sfruttare commercialmente il sito web o la piattaforma a terzi.<\/li>\n\n<li>Alterare, creare opere derivate, disassemblare, decriptare, decompilare o decodificare qualsiasi parte del sito web.<\/li>\n\n<li>Rimuovere, modificare o oscurare qualsiasi avviso di propriet\u00e0 (incluso qualsiasi avviso di copyright o marchio) di Gllintor, dei suoi affiliati, partner, fornitori o licenziatari di siti web.<\/li><\/ul><h3 class=\"wp-block-heading\">Modifiche ai termini<\/h3><p>L'utente riconosce e accetta che Gllintor pu\u00f2 cessare (permanentemente o temporaneamente) di fornire il Servizio (o qualsiasi funzionalit\u00e0 all'interno del Servizio) all'utente o agli utenti in generale, ad esclusiva discrezione di Gllintor, senza preavviso. L'utente pu\u00f2 interrompere l'utilizzo del Servizio in qualsiasi momento senza informare Gllintor. Inoltre, l'utente riconosce e accetta che se Gllintor disabilita l'accesso al suo account, potrebbe essergli precluso l'accesso al Servizio, ai dettagli del suo account, a qualsiasi file o ad altri materiali contenuti nel suo account. In caso di modifiche ai nostri Termini e Condizioni, pubblicheremo tali modifiche su questa pagina e\/o aggiorneremo la data di modifica dei Termini e Condizioni fornita di seguito.<\/p><h3 class=\"wp-block-heading\">Modifiche al contenuto del sito web<\/h3><p>Gllintor si riserva il diritto di modificare, sospendere o interrompere, temporaneamente o permanentemente, il sito web o qualsiasi servizio a cui si collega, con o senza preavviso e senza alcuna responsabilit\u00e0 nei confronti dell'utente.<\/p><h3 class=\"wp-block-heading\">Miglioramenti e aggiornamenti del sito<\/h3><ol class=\"wp-block-list\"><li>Periodicamente, Gllintor pu\u00f2 offrire miglioramenti o migliorie alle caratteristiche\/funzionalit\u00e0 del sito web, che possono includere patch, correzioni di bug, aggiornamenti, upgrade e altre modifiche (collettivamente indicati come \"Aggiornamenti\").<\/li>\n\n<li>Gli aggiornamenti possono modificare o rimuovere alcune caratteristiche e\/o funzionalit\u00e0 del sito web. L'utente accetta che tutti gli aggiornamenti siano considerati componenti integrali del sito web e siano soggetti ai Termini e condizioni.<\/li><\/ol><h3 class=\"wp-block-heading\">Servizi e link di terze parti<\/h3><ol class=\"wp-block-list\"><li>Possiamo esporre, incorporare o fornire l'accesso a contenuti di terzi (compresi dati, informazioni, applicazioni e altri prodotti\/servizi) o fornire link a siti web o servizi di terzi (\"Servizi di terzi\").<\/li>\n\n<li>L'utente riconosce e accetta che Gllintor non si assume alcuna responsabilit\u00e0 per i Servizi di Terze Parti, inclusa la loro accuratezza, completezza, tempestivit\u00e0, legalit\u00e0, conformit\u00e0 al copyright, decenza, qualit\u00e0 o altri aspetti. Gllintor declina ogni responsabilit\u00e0 nei confronti dell'utente o di qualsiasi altro individuo o entit\u00e0 per qualsiasi Servizio di terze parti.<\/li>\n\n<li>I Servizi di terze parti e i relativi link sono offerti esclusivamente per comodit\u00e0 dell'utente, che li utilizza a proprio rischio e pericolo e in base ai termini e alle condizioni di tali terze parti.<\/li><\/ol><h3 class=\"wp-block-heading\">Esclusione di garanzia<\/h3><p>Il sito web viene fornito \"Cos\u00ec com'\u00e8\" e \"Come disponibile\" con tutti i difetti e le mancanze senza alcuna garanzia. Nella misura massima consentita dalla legge applicabile, Gllintor, a nome suo e dei suoi affiliati e dei rispettivi licenziatari e fornitori di servizi, declina espressamente tutte le garanzie, espresse, implicite, legali o di altro tipo, relative al sito web, comprese tutte le garanzie implicite di commerciabilit\u00e0, idoneit\u00e0 per uno scopo particolare, titolo e non violazione, nonch\u00e9 le garanzie che possono derivare da una prassi commerciale, da un corso delle prestazioni, dall'uso o dalla pratica commerciale.<\/p><h3 class=\"wp-block-heading\">Limitazioni di responsabilit\u00e0<\/h3><ol class=\"wp-block-list\"><li>Indipendentemente da eventuali danni subiti dall'utente, la responsabilit\u00e0 totale di Gllintor e di qualsiasi suo fornitore ai sensi di qualsiasi disposizione del presente Contratto e il rimedio esclusivo dell'utente per tutti i precedenti sar\u00e0 limitato all'importo pagato dall'utente per il sito web.<\/li>\n\n<li>Nella misura massima consentita dalla legge applicabile, in nessun caso Gllintor o i suoi fornitori saranno responsabili per danni speciali, incidentali, indiretti o consequenziali di qualsiasi tipo (inclusi, ma non limitati a, danni per perdita di profitti, perdita di dati o altre informazioni, interruzione dell'attivit\u00e0, lesioni personali, perdita di privacy derivanti da o in qualsiasi modo correlati all'utilizzo o all'impossibilit\u00e0 di utilizzare il sito web, il software di terzi e\/o l'hardware di terzi utilizzato con il sito web, o altrimenti in relazione a qualsiasi disposizione del presente accordo), anche se Gllintor o qualsiasi fornitore \u00e8 stato avvisato della possibilit\u00e0 di tali danni e anche se il rimedio fallisce il suo scopo essenziale.<\/li><\/ol><h3 class=\"wp-block-heading\">Separabilit\u00e0 delle clausole<\/h3><ol class=\"wp-block-list\"><li>Supponiamo che una qualsiasi disposizione del presente Contratto sia ritenuta inapplicabile o non valida. In tal caso, tale disposizione sar\u00e0 modificata e interpretata per raggiungere gli obiettivi di tale disposizione nella misura massima consentita dalla legge applicabile. Le restanti disposizioni rimarranno in vigore a tutti gli effetti.<\/li>\n\n<li>Il presente Accordo, il <em><a href=\"\/it\/privacy-policy\/\">Informativa sulla privacy<\/a><\/em>e qualsiasi altro avviso legale pubblicato da Gllintor sui Servizi costituiscono l'intero Accordo tra l'utente e Gllintor in merito ai Servizi. Supponiamo che un tribunale di giurisdizione competente ritenga non valida una qualsiasi disposizione del presente Accordo. In tal caso, l'invalidit\u00e0 di tale disposizione non pregiudicher\u00e0 la validit\u00e0 delle restanti disposizioni del presente Accordo, che rimarranno in vigore a tutti gli effetti. Nessuna rinuncia a qualsiasi termine del presente Accordo sar\u00e0 considerata una rinuncia ulteriore o continua a tale o a qualsiasi altro termine. La mancata rivendicazione da parte di Gllintor di qualsiasi diritto o disposizione ai sensi del presente Accordo non costituir\u00e0 una rinuncia a tale diritto o disposizione. L'utente e Gllintor concordano che qualsiasi causa di azione derivante da o correlata ai servizi deve essere avviata entro un (1) anno dalla maturazione della causa di azione. In caso contrario, tale causa d'azione \u00e8 definitivamente preclusa.<\/li><\/ol><h3 class=\"wp-block-heading\">Rinuncia ai diritti<\/h3><p>Salvo quanto esplicitamente previsto nel presente documento, il mancato esercizio di un diritto o la mancata richiesta di adempimento di un obbligo ai sensi del presente Contratto non pregiudicher\u00e0 la possibilit\u00e0 di una parte di esercitare tale diritto o di richiedere tale adempimento in qualsiasi momento successivo, n\u00e9 la rinuncia a una violazione costituir\u00e0 una rinuncia a qualsiasi violazione successiva.<\/p><h3 class=\"wp-block-heading\">Risoluzione del contratto<\/h3><ol class=\"wp-block-list\"><li>Il presente Accordo rimarr\u00e0 in vigore fino alla sua risoluzione da parte dell'utente o di Gllintor.<\/li>\n\n<li>Gllintor pu\u00f2, a sua esclusiva discrezione, sospendere o risolvere il presente Contratto in qualsiasi momento e per qualsiasi motivo o senza motivo, con o senza preavviso.<\/li>\n\n<li>In caso di risoluzione del presente Contratto, l'utente dovr\u00e0 cessare l'utilizzo del sito web e cancellare tutte le copie del sito web dal proprio dispositivo.<\/li>\n\n<li>La risoluzione del presente Contratto non limiter\u00e0 alcun diritto o rimedio di Gllintor, per legge o in via equitativa, in caso di violazione da parte dell'utente (durante la durata del presente Contratto) di uno qualsiasi degli obblighi previsti dal presente Contratto.<\/li><\/ol><h3 class=\"wp-block-heading\">Revisioni del contratto<\/h3><p>A sua esclusiva discrezione, Gllintor si riserva il diritto di modificare o sostituire il presente Accordo in qualsiasi momento. Se una revisione \u00e8 sostanziale, forniremo un preavviso di almeno 30 giorni prima dell'entrata in vigore dei nuovi termini. La determinazione di ci\u00f2 che costituisce una modifica sostanziale sar\u00e0 effettuata a nostra esclusiva discrezione. Continuando ad accedere o a utilizzare il nostro sito web dopo l'entrata in vigore di eventuali revisioni, l'utente accetta di essere vincolato ai termini rivisti. Se non \u00e8 d'accordo con i nuovi termini, non pu\u00f2 pi\u00f9 utilizzare Gllintor.<\/p><h3 class=\"wp-block-heading\">Clausola di accordo completa<\/h3><ol class=\"wp-block-list\"><li>Il presente accordo costituisce l'intero accordo tra l'utente e Gllintor in merito all'utilizzo del sito web. Esso sostituisce tutti gli accordi scritti o orali precedenti e contemporanei tra l'utente e Gllintor.<\/li>\n\n<li>L'utente potrebbe essere soggetto a ulteriori termini e condizioni quando utilizza o acquista altri servizi da Gllintor, che saranno forniti al momento di tale utilizzo o acquisto.<\/li><\/ol><h3 class=\"wp-block-heading\">Aggiornamenti politici<\/h3><p>Possiamo aggiornare i nostri servizi e le nostre politiche e dobbiamo apportare le relative modifiche ai presenti Termini per riflettere accuratamente i nostri servizi e le nostre politiche. A meno che la legge non preveda diversamente, informeremo l'utente (ad esempio, attraverso il nostro Servizio) prima di implementare le modifiche ai Termini e gli daremo l'opportunit\u00e0 di rivederle prima che diventino effettive. Continuando a utilizzare il Servizio dopo eventuali revisioni dei Termini, l'utente accetta di essere vincolato dai Termini aggiornati. L'utente pu\u00f2 cancellare il proprio account se non accetta i nuovi Termini.<\/p><h3 class=\"wp-block-heading\">Legge applicabile<\/h3><p>I presenti Termini e condizioni, insieme a qualsiasi controversia, reclamo o procedimento legale derivante da o relativo ad essi, all'utilizzo dei nostri servizi da parte dell'utente o a qualsiasi obbligo contrattuale o extracontrattuale relativo a Gllintor, saranno disciplinati e interpretati in base alle leggi del Regno Unito, senza tener conto dei conflitti di legge che potrebbero portare all'applicazione di leggi di un'altra giurisdizione.<\/p><p>Utilizzando questo sito web e i nostri servizi, l'utente accetta irrevocabilmente che qualsiasi controversia non risolta tramite arbitrato sia soggetta alla giurisdizione esclusiva dei tribunali di Londra, Regno Unito.&nbsp;<\/p><p>Se si accede al sito web dall'esterno del Regno Unito, lo si fa a proprio rischio e pericolo e si \u00e8 responsabili del rispetto di tutte le leggi locali applicabili nella propria giurisdizione. Gllintor non dichiara n\u00e9 garantisce che il suo sito web, i suoi servizi o i suoi contenuti siano conformi ai requisiti legali in luoghi al di fuori del Regno Unito. Ci riserviamo il diritto di limitare l'accesso al sito web e ai servizi in qualsiasi giurisdizione in cui tale accesso possa essere considerato illegale o non conforme alle normative locali.<\/p><h3 class=\"wp-block-heading\">Accordo arbitrale<\/h3><p>La presente sezione si applica a qualsiasi controversia, ad eccezione delle richieste di provvedimenti ingiuntivi o di equit\u00e0 riguardanti l'applicazione o la validit\u00e0 dei diritti di propriet\u00e0 intellettuale dell'utente o di Gllintor. Il termine \"controversia\" comprende qualsiasi controversia, azione o altra controversia tra l'utente e Gllintor in merito ai Servizi o al presente Accordo, sia essa basata su contratto, garanzia, illecito, statuto, regolamento, ordinanza o qualsiasi altro motivo legale o di equit\u00e0. Il termine \"controversia\" sar\u00e0 interpretato in modo da avere il significato pi\u00f9 ampio possibile consentito dalla legge.<\/p><h3 class=\"wp-block-heading\">Notifica delle controversie<\/h3><p>In caso di controversia, l'utente o Gllintor deve fornire all'altra parte un Avviso di controversia, una dichiarazione scritta contenente il nome, l'indirizzo e le informazioni di contatto della parte che lo emette, i fatti alla base della controversia e il rilievo richiesto. L'utente deve inviare l'avviso di controversia via e-mail a <a href=\"mailto:info@gllintor.com\">info@gllintor.com<\/a>. Gllintor consegner\u00e0 qualsiasi Avviso di controversia all'Utente per posta al suo indirizzo, se disponibile, o al suo indirizzo e-mail. L'Utente e Gllintor cercheranno di risolvere qualsiasi controversia attraverso una negoziazione informale entro sessanta (60) giorni dall'invio dell'Avviso di controversia. Se non si raggiunge una risoluzione entro sessanta (60) giorni, l'Utente o Gllintor possono avviare un arbitrato.<\/p><h3 class=\"wp-block-heading\">Arbitrato obbligatorio<\/h3><p>Supponiamo che l'utente e Gllintor non riescano a risolvere una controversia attraverso una negoziazione informale. In tal caso, ogni successivo tentativo di risolvere la controversia sar\u00e0 condotto esclusivamente attraverso un arbitrato vincolante, come indicato in questa sezione. Accettando l'arbitrato, l'utente rinuncia al diritto di intentare una causa (o di partecipare come parte o membro di una classe) in tribunale. La controversia sar\u00e0 risolta mediante arbitrato vincolante secondo le regole dell'arbitrato commerciale. Ciascuna delle parti pu\u00f2 chiedere un provvedimento ingiuntivo provvisorio o preliminare a qualsiasi tribunale competente, se necessario per proteggere i propri diritti o la propria propriet\u00e0 in attesa dell'arbitrato. La parte non prevalente dovr\u00e0 sostenere tutti i costi, gli onorari e le spese legali, contabili e di altro tipo sostenuti dalla parte prevalente.<\/p><h3 class=\"wp-block-heading\">Disposizioni aggiuntive<\/h3><p>Se, per qualsiasi motivo, un tribunale della giurisdizione competente dovesse ritenere inapplicabile una qualsiasi disposizione o parte dei presenti Termini e Condizioni, la parte restante dei presenti Termini e Condizioni rimarr\u00e0 pienamente applicabile. Qualsiasi rinuncia alle disposizioni dei presenti Termini e Condizioni sar\u00e0 efficace solo se effettuata per iscritto e firmata da un rappresentante autorizzato di Gllintor. Gllintor avr\u00e0 diritto a provvedimenti ingiuntivi o ad altri provvedimenti di equit\u00e0 (senza l'obbligo di presentare alcuna garanzia o fideiussione) in caso di violazione o anticipazione della violazione da parte dell'utente. Gllintor opera e gestisce il Servizio Gllintor dai suoi uffici nel Regno Unito. Il Servizio non \u00e8 destinato alla distribuzione o all'utilizzo in alcuna giurisdizione o paese in cui tale distribuzione o utilizzo sia contrario a leggi o regolamenti. I presenti Termini e condizioni (inclusa l'Informativa sulla privacy di Gllintor) rappresentano l'intera intesa e sostituiscono tutte le precedenti intese tra l'utente e Gllintor in merito al loro oggetto e non possono essere alterati o modificati dall'utente.<\/p><h3 class=\"wp-block-heading\">Esclusione di responsabilit\u00e0 legale<\/h3><p>Gllintor non si assume alcuna responsabilit\u00e0 per eventuali contenuti, codici o imprecisioni. Non viene fornita alcuna garanzia. In nessun caso Gllintor sar\u00e0 responsabile per danni speciali, diretti, indiretti, conseguenti o incidentali, sia per contratto, negligenza o altri illeciti, derivanti da o in connessione con l'uso del Servizio o dei suoi contenuti. Gllintor si riserva il diritto di aggiungere, eliminare o modificare i contenuti del Servizio in qualsiasi momento senza preavviso.<\/p><h3 class=\"wp-block-heading\">Feedback e suggerimenti<\/h3><ol class=\"wp-block-list\"><li>Qualsiasi feedback, commento, idea, miglioramento o suggerimento (\"Suggerimenti\") fornito dall'utente a Gllintor in merito al sito web rimarr\u00e0 di sola ed esclusiva propriet\u00e0 di Gllintor.<\/li>\n\n<li>Gllintor sar\u00e0 libera di utilizzare, copiare, modificare, pubblicare o ridistribuire i Suggerimenti per qualsiasi scopo e in qualsiasi modo senza fornire alcun credito o compenso all'utente.<\/li><\/ol><h3 class=\"wp-block-heading\">Consenso dell'utente<\/h3><p>Utilizzando il nostro sito web, registrando un account o effettuando acquisti, l'utente accetta i nostri Termini e condizioni. Abbiamo aggiornato i nostri Termini e condizioni per garantire la massima trasparenza su ci\u00f2 che viene impostato quando si visita il nostro sito e su come viene utilizzato.<\/p><h3 class=\"wp-block-heading\">Verifica dell'et\u00e0<\/h3><p>Accedendo, registrandosi o utilizzando il sito web e i servizi di Gllintor, l'utente conferma e garantisce di avere almeno 18 anni (o l'et\u00e0 minima legale richiesta per stipulare contratti e utilizzare tali servizi nella propria giurisdizione). Se l'utente ha un'et\u00e0 inferiore a quella indicata, non \u00e8 autorizzato ad accedere o a utilizzare alcuna parte del nostro sito web, a effettuare acquisti o a utilizzare i nostri servizi a qualsiasi titolo.<\/p><p>Applichiamo rigorosamente i limiti di et\u00e0 e ci riserviamo il diritto di:<\/p><ul class=\"wp-block-list\"><li>Richiedere la prova dell'et\u00e0 a qualsiasi utente in qualsiasi momento.<\/li>\n\n<li>Negare l'accesso, sospendere o chiudere gli account in caso di sospetto di false dichiarazioni sull'et\u00e0.<\/li>\n\n<li>Intraprendere azioni legali contro gli utenti che tentano di aggirare le restrizioni sull'et\u00e0 fornendo informazioni false.<\/li><\/ul><p>I genitori e i tutori legali sono responsabili del monitoraggio e della prevenzione di accessi non autorizzati da parte di minori. Se scopriamo che un utente \u00e8 minorenne, interromperemo immediatamente il suo accesso e rimuoveremo tutti i dati associati in conformit\u00e0 con le leggi applicabili in materia di protezione dei dati.Se ritenete che un individuo di et\u00e0 inferiore a quella richiesta stia utilizzando i nostri servizi, contattateci immediatamente all'indirizzo <a href=\"mailto:info@gllintor.com\">info@gllintor.com<\/a> in modo da poter prendere provvedimenti adeguati.<\/p><h3 class=\"wp-block-heading\">Informazioni di contatto<\/h3><p>Per qualsiasi richiesta, non esitate a contattarci tramite i seguenti canali:<\/p><ul class=\"wp-block-list contact-list\"><li>E-mail: <a href=\"mailto:info@gllintor.com\">info@gllintor.com<\/a><strong>&nbsp;<\/strong><\/li>\n\n<li>Numero di telefono: <a href=\"tel:+447447106652\">+447447106652<\/a><\/li>\n\n<li>Link al sito web: <a href=\"https:\/\/gllintor.com\/it\/lets-connect\/\">https:\/\/gllintor.com\/lets-connect\/<\/a><\/li><\/ul><p><\/p>","protected":false},"excerpt":{"rendered":"<p>Linee guida generali Con l'accesso e l'inoltro di un ordine a Gllintor, l'utente dichiara di accettare e impegnarsi a rispettare i termini del servizio delineati nei seguenti Termini e condizioni. Questi termini si applicano all'intero sito web e a qualsiasi corrispondenza, comprese le e-mail, tra l'utente e Gllintor. Per questi Termini e condizioni: Limitazioni d'uso L'utente acconsente [...]<\/p>","protected":false},"author":1,"featured_media":0,"parent":0,"menu_order":0,"comment_status":"closed","ping_status":"closed","template":"template-pages\/template-policy.php","meta":{"_acf_changed":false,"footnotes":""},"class_list":["post-412","page","type-page","status-publish","hentry"],"acf":[],"yoast_head":"<!-- This site is optimized with the Yoast SEO plugin v23.8 - https:\/\/yoast.com\/wordpress\/plugins\/seo\/ -->\n<title>Terms and Conditions -<\/title>\n<meta name=\"robots\" content=\"index, follow, max-snippet:-1, max-image-preview:large, max-video-preview:-1\" \/>\n<link rel=\"canonical\" href=\"https:\/\/gllintor.com\/it\/terms-and-conditions\/\" \/>\n<meta property=\"og:locale\" content=\"it_IT\" \/>\n<meta property=\"og:type\" content=\"article\" \/>\n<meta property=\"og:title\" content=\"Terms and Conditions -\" \/>\n<meta property=\"og:description\" content=\"General Guidelines Upon accessing and placing an order with Gllintor, you affirm your acceptance and commitment to the terms of Service outlined in the following Terms and Conditions. These terms apply to the entirety of the website and any correspondence, including emails, between you and Gllintor. For these Terms and Conditions: Usage Limitations You consent [&hellip;]\" \/>\n<meta property=\"og:url\" content=\"https:\/\/gllintor.com\/it\/terms-and-conditions\/\" \/>\n<meta property=\"article:modified_time\" content=\"2025-11-21T09:01:53+00:00\" \/>\n<meta name=\"twitter:card\" content=\"summary_large_image\" \/>\n<meta name=\"twitter:label1\" content=\"Tempo di lettura stimato\" \/>\n\t<meta name=\"twitter:data1\" content=\"11 minuti\" \/>\n<script type=\"application\/ld+json\" class=\"yoast-schema-graph\">{\"@context\":\"https:\/\/schema.org\",\"@graph\":[{\"@type\":\"WebPage\",\"@id\":\"https:\/\/gllintor.com\/terms-and-conditions\/\",\"url\":\"https:\/\/gllintor.com\/terms-and-conditions\/\",\"name\":\"Terms and Conditions -\",\"isPartOf\":{\"@id\":\"https:\/\/gllintor.com\/#website\"},\"datePublished\":\"2024-10-31T15:36:34+00:00\",\"dateModified\":\"2025-11-21T09:01:53+00:00\",\"breadcrumb\":{\"@id\":\"https:\/\/gllintor.com\/terms-and-conditions\/#breadcrumb\"},\"inLanguage\":\"it-IT\",\"potentialAction\":[{\"@type\":\"ReadAction\",\"target\":[\"https:\/\/gllintor.com\/terms-and-conditions\/\"]}]},{\"@type\":\"BreadcrumbList\",\"@id\":\"https:\/\/gllintor.com\/terms-and-conditions\/#breadcrumb\",\"itemListElement\":[{\"@type\":\"ListItem\",\"position\":1,\"name\":\"Home\",\"item\":\"https:\/\/gllintor.com\/\"},{\"@type\":\"ListItem\",\"position\":2,\"name\":\"Terms and Conditions\"}]},{\"@type\":\"WebSite\",\"@id\":\"https:\/\/gllintor.com\/#website\",\"url\":\"https:\/\/gllintor.com\/\",\"name\":\"\",\"description\":\"\",\"potentialAction\":[{\"@type\":\"SearchAction\",\"target\":{\"@type\":\"EntryPoint\",\"urlTemplate\":\"https:\/\/gllintor.com\/?s={search_term_string}\"},\"query-input\":{\"@type\":\"PropertyValueSpecification\",\"valueRequired\":true,\"valueName\":\"search_term_string\"}}],\"inLanguage\":\"it-IT\"}]}<\/script>\n<!-- \/ Yoast SEO plugin. -->","yoast_head_json":{"title":"Terms and Conditions -","robots":{"index":"index","follow":"follow","max-snippet":"max-snippet:-1","max-image-preview":"max-image-preview:large","max-video-preview":"max-video-preview:-1"},"canonical":"https:\/\/gllintor.com\/it\/terms-and-conditions\/","og_locale":"it_IT","og_type":"article","og_title":"Terms and Conditions -","og_description":"General Guidelines Upon accessing and placing an order with Gllintor, you affirm your acceptance and commitment to the terms of Service outlined in the following Terms and Conditions. These terms apply to the entirety of the website and any correspondence, including emails, between you and Gllintor. For these Terms and Conditions: Usage Limitations You consent [&hellip;]","og_url":"https:\/\/gllintor.com\/it\/terms-and-conditions\/","article_modified_time":"2025-11-21T09:01:53+00:00","twitter_card":"summary_large_image","twitter_misc":{"Tempo di lettura stimato":"11 minuti"},"schema":{"@context":"https:\/\/schema.org","@graph":[{"@type":"WebPage","@id":"https:\/\/gllintor.com\/terms-and-conditions\/","url":"https:\/\/gllintor.com\/terms-and-conditions\/","name":"Terms and Conditions -","isPartOf":{"@id":"https:\/\/gllintor.com\/#website"},"datePublished":"2024-10-31T15:36:34+00:00","dateModified":"2025-11-21T09:01:53+00:00","breadcrumb":{"@id":"https:\/\/gllintor.com\/terms-and-conditions\/#breadcrumb"},"inLanguage":"it-IT","potentialAction":[{"@type":"ReadAction","target":["https:\/\/gllintor.com\/terms-and-conditions\/"]}]},{"@type":"BreadcrumbList","@id":"https:\/\/gllintor.com\/terms-and-conditions\/#breadcrumb","itemListElement":[{"@type":"ListItem","position":1,"name":"Home","item":"https:\/\/gllintor.com\/"},{"@type":"ListItem","position":2,"name":"Terms and Conditions"}]},{"@type":"WebSite","@id":"https:\/\/gllintor.com\/#website","url":"https:\/\/gllintor.com\/","name":"","description":"","potentialAction":[{"@type":"SearchAction","target":{"@type":"EntryPoint","urlTemplate":"https:\/\/gllintor.com\/?s={search_term_string}"},"query-input":{"@type":"PropertyValueSpecification","valueRequired":true,"valueName":"search_term_string"}}],"inLanguage":"it-IT"}]}},"_links":{"self":[{"href":"https:\/\/gllintor.com\/it\/wp-json\/wp\/v2\/pages\/412","targetHints":{"allow":["GET"]}}],"collection":[{"href":"https:\/\/gllintor.com\/it\/wp-json\/wp\/v2\/pages"}],"about":[{"href":"https:\/\/gllintor.com\/it\/wp-json\/wp\/v2\/types\/page"}],"author":[{"embeddable":true,"href":"https:\/\/gllintor.com\/it\/wp-json\/wp\/v2\/users\/1"}],"replies":[{"embeddable":true,"href":"https:\/\/gllintor.com\/it\/wp-json\/wp\/v2\/comments?post=412"}],"version-history":[{"count":13,"href":"https:\/\/gllintor.com\/it\/wp-json\/wp\/v2\/pages\/412\/revisions"}],"predecessor-version":[{"id":718,"href":"https:\/\/gllintor.com\/it\/wp-json\/wp\/v2\/pages\/412\/revisions\/718"}],"wp:attachment":[{"href":"https:\/\/gllintor.com\/it\/wp-json\/wp\/v2\/media?parent=412"}],"curies":[{"name":"wp","href":"https:\/\/api.w.org\/{rel}","templated":true}]}}