{"id":397,"date":"2024-10-31T15:19:19","date_gmt":"2024-10-31T15:19:19","guid":{"rendered":"https:\/\/gllintor.com\/?page_id=397"},"modified":"2025-11-21T09:07:31","modified_gmt":"2025-11-21T09:07:31","slug":"cookie-policy","status":"publish","type":"page","link":"https:\/\/gllintor.com\/it\/cookie-policy\/","title":{"rendered":"Informativa sui cookie"},"content":{"rendered":"<h3 class=\"wp-block-heading\">Cosa sono i cookie?<\/h3><p>I cookie sono piccole porzioni di dati che i siti web memorizzano sul computer o sul dispositivo mobile dell'utente quando li visita. Questi file contengono informazioni sulle interazioni dell'utente con il sito web e aiutano a personalizzare la sua esperienza di navigazione. Ad esempio, i cookie possono ricordare i dati di accesso, le preferenze linguistiche e altre impostazioni, eliminando la necessit\u00e0 di inserirli ripetutamente. Svolgono un ruolo fondamentale nel migliorare l'efficienza e la personalizzazione della navigazione.<\/p><h3 class=\"wp-block-heading\">Come utilizziamo i cookie<\/h3><p>In qualit\u00e0 di titolare del trattamento dei vostri dati personali, SHAPESCAPE LIMITED, con sede legale in 128 City Road, Londra, Regno Unito, EC1V 2NX, con numero di registrazione 16055583, utilizza i cookie per raccogliere informazioni quali l'indirizzo IP e le attivit\u00e0 di navigazione. Questi dati ci permettono di ricordare le vostre preferenze di sistema e di personalizzare la vostra esperienza sul nostro sito web.<\/p><p>Inoltre, i cookie ci permettono di tracciare il traffico del sito web e di analizzare le interazioni degli utenti per migliorare l'esperienza di navigazione complessiva.<\/p><p>I cookie da noi utilizzati hanno le seguenti finalit\u00e0:<\/p><p>\u2192 Migliorare l'esperienza dell'utente durante le visite al sito web.<br>\u2192 Permettere agli utenti di impostare preferenze personali per un'esperienza personalizzata.<br>\u2192 Generazione di informazioni statistiche sull'utilizzo del sito web.<br>\u2192 Misurare l'efficacia delle campagne pubblicitarie.<\/p><p>Per svolgere queste funzioni utilizziamo diverse categorie di cookie.<\/p><h4 class=\"wp-block-heading\">Cookie funzionali<\/h4><p>I cookie funzionali consentono una navigazione fluida del sito web e l'accesso alle sue funzionalit\u00e0. Svolgono un ruolo fondamentale nel ricordare le informazioni di accesso e nel facilitare la navigazione. Senza i cookie funzionali, alcuni servizi e funzionalit\u00e0 potrebbero non essere disponibili o funzionare male.<\/p><h4 class=\"wp-block-heading\">Cookie di prestazione<\/h4><p>I cookie di prestazione raccolgono informazioni statistiche anonime sulle interazioni degli utenti con il sito web. Forniscono informazioni preziose sul comportamento di navigazione, consentendoci di identificare le sezioni pi\u00f9 popolari e di migliorare l'esperienza complessiva degli utenti. Tutti i dati raccolti dai cookie di prestazione sono anonimi e non identificano i singoli utenti.<\/p><h4 class=\"wp-block-heading\">Cookie pubblicitari mirati<\/h4><p>I cookie pubblicitari tracciano le abitudini di navigazione e raccolgono informazioni sugli interessi degli utenti per fornire pubblicit\u00e0 pertinenti e mirate. Ci aiutano a comprendere le preferenze dell'utente e a fornire annunci pubblicitari di probabile interesse. Inoltre, i cookie pubblicitari controllano la frequenza degli annunci per evitare un'esposizione ripetitiva.<\/p><h4 class=\"wp-block-heading\">Altri cookie di terze parti<\/h4><p>I cookie dei social media facilitano la condivisione dei contenuti del nostro sito web su varie piattaforme di social media. Questi cookie consentono di condividere senza soluzione di continuit\u00e0 le informazioni e le attivit\u00e0 del nostro sito web con i social network. \u00c8 fondamentale consultare le politiche sulla privacy di queste piattaforme di terze parti per comprendere le loro pratiche di trattamento dei dati.<\/p><h3 class=\"wp-block-heading\">Durata del cookie<\/h3><p>I cookie si distinguono in cookie di sessione e cookie persistenti in base alla loro durata di memorizzazione.<\/p><ul class=\"wp-block-list\"><li><strong>Cookie di sessione:<\/strong> Questi cookie sono temporanei e attivi solo durante la navigazione e cessano di esistere quando si chiude il browser web.<\/li>\n\n<li><strong>Cookie persistenti:<\/strong> Memorizzati sul disco rigido del vostro dispositivo, i cookie persistenti rimangono fino a quando non vengono eliminati o non raggiungono la data di scadenza. Tuttavia, la nostra politica limita la conservazione delle informazioni contenute nei cookie persistenti a un massimo di 2 anni.<\/li><\/ul><h3 class=\"wp-block-heading\">Controllo dei cookie<\/h3><p>L'utente ha la possibilit\u00e0 di controllare ed eliminare i cookie in base alle proprie preferenze. La maggior parte dei browser consente di eliminare i cookie esistenti e di configurare le impostazioni per impedire l'inserimento di nuovi cookie. Tuttavia, la disabilitazione dei cookie pu\u00f2 influire su alcune funzionalit\u00e0 del sito web.<\/p><p>Per ulteriori informazioni sull'utilizzo dei dati personali, sui destinatari, sull'archiviazione, sulla sicurezza e sui diritti degli interessati, si prega di fare riferimento al nostro sito web <em><a href=\"\/it\/privacy-policy\/\">Informativa sulla privacy<\/a><\/em>.<\/p><h3 class=\"wp-block-heading\">Contatto<\/h3><p>In caso di domande sulla presente Informativa sui cookie, si prega di contattarci all'indirizzo:<\/p><ul class=\"wp-block-list contact-list\"><li>E-mail: <a href=\"mailto:info@gllintor.com\">info@gllintor.com<\/a><\/li>\n\n<li>Numero di telefono: <a href=\"tel:+447447106652\">+447447106652<\/a><\/li>\n\n<li>Link al sito web: <a href=\"https:\/\/gllintor.com\/it\/lets-connect\/\">https:\/\/gllintor.com\/lets-connect\/<\/a><\/li><\/ul>","protected":false},"excerpt":{"rendered":"<p>Cosa sono i cookie? I cookie sono piccole porzioni di dati che i siti web memorizzano sul vostro computer o dispositivo mobile quando li visitate. Questi file contengono informazioni sulle interazioni dell'utente con il sito web e aiutano a personalizzare la sua esperienza di navigazione. Ad esempio, i cookie possono ricordare i dati di accesso, le preferenze linguistiche e altre impostazioni, eliminando la necessit\u00e0 di [...]<\/p>","protected":false},"author":1,"featured_media":0,"parent":0,"menu_order":0,"comment_status":"closed","ping_status":"closed","template":"template-pages\/template-policy.php","meta":{"_acf_changed":false,"footnotes":""},"class_list":["post-397","page","type-page","status-publish","hentry"],"acf":[],"yoast_head":"<!-- This site is optimized with the Yoast SEO plugin v23.8 - https:\/\/yoast.com\/wordpress\/plugins\/seo\/ -->\n<title>Cookie Policy -<\/title>\n<meta name=\"robots\" content=\"index, follow, max-snippet:-1, max-image-preview:large, max-video-preview:-1\" \/>\n<link rel=\"canonical\" href=\"https:\/\/gllintor.com\/it\/cookie-policy\/\" \/>\n<meta property=\"og:locale\" content=\"it_IT\" \/>\n<meta property=\"og:type\" content=\"article\" \/>\n<meta property=\"og:title\" content=\"Cookie Policy -\" \/>\n<meta property=\"og:description\" content=\"What Are Cookies? Cookies are small pieces of data that websites store on your computer or mobile device when you visit them. These files contain information about your interactions with the website and help customise your browsing experience. For instance, cookies can remember your login details, language preferences, and other settings, eliminating the need to [&hellip;]\" \/>\n<meta property=\"og:url\" content=\"https:\/\/gllintor.com\/it\/cookie-policy\/\" \/>\n<meta property=\"article:modified_time\" content=\"2025-11-21T09:07:31+00:00\" \/>\n<meta name=\"twitter:card\" content=\"summary_large_image\" \/>\n<meta name=\"twitter:label1\" content=\"Tempo di lettura stimato\" \/>\n\t<meta name=\"twitter:data1\" content=\"3 minuti\" \/>\n<script type=\"application\/ld+json\" class=\"yoast-schema-graph\">{\"@context\":\"https:\/\/schema.org\",\"@graph\":[{\"@type\":\"WebPage\",\"@id\":\"https:\/\/gllintor.com\/cookie-policy\/\",\"url\":\"https:\/\/gllintor.com\/cookie-policy\/\",\"name\":\"Cookie Policy -\",\"isPartOf\":{\"@id\":\"https:\/\/gllintor.com\/#website\"},\"datePublished\":\"2024-10-31T15:19:19+00:00\",\"dateModified\":\"2025-11-21T09:07:31+00:00\",\"breadcrumb\":{\"@id\":\"https:\/\/gllintor.com\/cookie-policy\/#breadcrumb\"},\"inLanguage\":\"it-IT\",\"potentialAction\":[{\"@type\":\"ReadAction\",\"target\":[\"https:\/\/gllintor.com\/cookie-policy\/\"]}]},{\"@type\":\"BreadcrumbList\",\"@id\":\"https:\/\/gllintor.com\/cookie-policy\/#breadcrumb\",\"itemListElement\":[{\"@type\":\"ListItem\",\"position\":1,\"name\":\"Home\",\"item\":\"https:\/\/gllintor.com\/\"},{\"@type\":\"ListItem\",\"position\":2,\"name\":\"Cookie Policy\"}]},{\"@type\":\"WebSite\",\"@id\":\"https:\/\/gllintor.com\/#website\",\"url\":\"https:\/\/gllintor.com\/\",\"name\":\"\",\"description\":\"\",\"potentialAction\":[{\"@type\":\"SearchAction\",\"target\":{\"@type\":\"EntryPoint\",\"urlTemplate\":\"https:\/\/gllintor.com\/?s={search_term_string}\"},\"query-input\":{\"@type\":\"PropertyValueSpecification\",\"valueRequired\":true,\"valueName\":\"search_term_string\"}}],\"inLanguage\":\"it-IT\"}]}<\/script>\n<!-- \/ Yoast SEO plugin. -->","yoast_head_json":{"title":"Cookie Policy -","robots":{"index":"index","follow":"follow","max-snippet":"max-snippet:-1","max-image-preview":"max-image-preview:large","max-video-preview":"max-video-preview:-1"},"canonical":"https:\/\/gllintor.com\/it\/cookie-policy\/","og_locale":"it_IT","og_type":"article","og_title":"Cookie Policy -","og_description":"What Are Cookies? Cookies are small pieces of data that websites store on your computer or mobile device when you visit them. These files contain information about your interactions with the website and help customise your browsing experience. For instance, cookies can remember your login details, language preferences, and other settings, eliminating the need to [&hellip;]","og_url":"https:\/\/gllintor.com\/it\/cookie-policy\/","article_modified_time":"2025-11-21T09:07:31+00:00","twitter_card":"summary_large_image","twitter_misc":{"Tempo di lettura stimato":"3 minuti"},"schema":{"@context":"https:\/\/schema.org","@graph":[{"@type":"WebPage","@id":"https:\/\/gllintor.com\/cookie-policy\/","url":"https:\/\/gllintor.com\/cookie-policy\/","name":"Cookie Policy -","isPartOf":{"@id":"https:\/\/gllintor.com\/#website"},"datePublished":"2024-10-31T15:19:19+00:00","dateModified":"2025-11-21T09:07:31+00:00","breadcrumb":{"@id":"https:\/\/gllintor.com\/cookie-policy\/#breadcrumb"},"inLanguage":"it-IT","potentialAction":[{"@type":"ReadAction","target":["https:\/\/gllintor.com\/cookie-policy\/"]}]},{"@type":"BreadcrumbList","@id":"https:\/\/gllintor.com\/cookie-policy\/#breadcrumb","itemListElement":[{"@type":"ListItem","position":1,"name":"Home","item":"https:\/\/gllintor.com\/"},{"@type":"ListItem","position":2,"name":"Cookie Policy"}]},{"@type":"WebSite","@id":"https:\/\/gllintor.com\/#website","url":"https:\/\/gllintor.com\/","name":"","description":"","potentialAction":[{"@type":"SearchAction","target":{"@type":"EntryPoint","urlTemplate":"https:\/\/gllintor.com\/?s={search_term_string}"},"query-input":{"@type":"PropertyValueSpecification","valueRequired":true,"valueName":"search_term_string"}}],"inLanguage":"it-IT"}]}},"_links":{"self":[{"href":"https:\/\/gllintor.com\/it\/wp-json\/wp\/v2\/pages\/397","targetHints":{"allow":["GET"]}}],"collection":[{"href":"https:\/\/gllintor.com\/it\/wp-json\/wp\/v2\/pages"}],"about":[{"href":"https:\/\/gllintor.com\/it\/wp-json\/wp\/v2\/types\/page"}],"author":[{"embeddable":true,"href":"https:\/\/gllintor.com\/it\/wp-json\/wp\/v2\/users\/1"}],"replies":[{"embeddable":true,"href":"https:\/\/gllintor.com\/it\/wp-json\/wp\/v2\/comments?post=397"}],"version-history":[{"count":9,"href":"https:\/\/gllintor.com\/it\/wp-json\/wp\/v2\/pages\/397\/revisions"}],"predecessor-version":[{"id":720,"href":"https:\/\/gllintor.com\/it\/wp-json\/wp\/v2\/pages\/397\/revisions\/720"}],"wp:attachment":[{"href":"https:\/\/gllintor.com\/it\/wp-json\/wp\/v2\/media?parent=397"}],"curies":[{"name":"wp","href":"https:\/\/api.w.org\/{rel}","templated":true}]}}