{"id":397,"date":"2024-10-31T15:19:19","date_gmt":"2024-10-31T15:19:19","guid":{"rendered":"https:\/\/gllintor.com\/?page_id=397"},"modified":"2025-11-21T09:07:31","modified_gmt":"2025-11-21T09:07:31","slug":"cookie-policy","status":"publish","type":"page","link":"https:\/\/gllintor.com\/de\/cookie-policy\/","title":{"rendered":"Cookie-Richtlinie"},"content":{"rendered":"<h3 class=\"wp-block-heading\">Was sind Cookies?<\/h3><p>Cookies sind kleine Datenelemente, die Websites auf Ihrem Computer oder Mobilger\u00e4t speichern, wenn Sie sie besuchen. Diese Dateien enthalten Informationen \u00fcber Ihre Interaktionen mit der Website und helfen dabei, Ihr Surferlebnis individuell zu gestalten. Cookies k\u00f6nnen sich zum Beispiel Ihre Anmeldedaten, Spracheinstellungen und andere Einstellungen merken, so dass Sie diese nicht wiederholt eingeben m\u00fcssen. Sie spielen eine wichtige Rolle bei der Verbesserung der Effizienz und der Personalisierung des Surfens.<\/p><h3 class=\"wp-block-heading\">Wie wir Cookies verwenden<\/h3><p>Als der f\u00fcr die Verarbeitung Ihrer pers\u00f6nlichen Daten Verantwortliche verwendet SHAPESCAPE LIMITED, eingetragen in 128 City Road, London, Vereinigtes K\u00f6nigreich, EC1V 2NX, mit der eingetragenen Nummer 16055583, Cookies, um Informationen wie Ihre IP-Adresse und Ihre Surfaktivit\u00e4ten zu sammeln. Anhand dieser Daten k\u00f6nnen wir uns an Ihre Systempr\u00e4ferenzen erinnern und Ihre Erfahrungen auf unserer Website anpassen.<\/p><p>Dar\u00fcber hinaus erm\u00f6glichen uns Cookies, den Website-Verkehr zu verfolgen und die Interaktionen der Nutzer zu analysieren, um das allgemeine Surferlebnis zu verbessern.<\/p><p>Die von uns verwendeten Cookies dienen den folgenden Zwecken:<\/p><p>\u2192 Verbesserung der Nutzererfahrung beim Besuch der Website.<br>\u2192 Erm\u00f6glicht es den Nutzern, pers\u00f6nliche Einstellungen f\u00fcr ein individuelles Erlebnis vorzunehmen.<br>\u2192 Erstellung statistischer Informationen \u00fcber die Nutzung der Website.<br>\u2192 Messung der Wirksamkeit von Werbekampagnen.<\/p><p>Wir verwenden verschiedene Kategorien von Cookies, um diese Funktionen zu erf\u00fcllen.<\/p><h4 class=\"wp-block-heading\">Funktionale Cookies<\/h4><p>Funktionale Cookies erm\u00f6glichen eine reibungslose Navigation auf der Website und den Zugriff auf ihre Funktionen. Sie spielen eine entscheidende Rolle bei der Speicherung von Anmeldeinformationen und der Erleichterung einer reibungslosen Navigation. Ohne funktionale Cookies k\u00f6nnen bestimmte Dienste und Funktionen nicht verf\u00fcgbar sein oder nicht funktionieren.<\/p><h4 class=\"wp-block-heading\">Leistung Cookies<\/h4><p>Performance-Cookies sammeln anonyme statistische Informationen \u00fcber die Interaktionen der Nutzer mit der Website. Sie bieten wertvolle Einblicke in das Surfverhalten und erm\u00f6glichen es uns, beliebte Bereiche zu identifizieren und die allgemeine Nutzererfahrung zu verbessern. Alle von Performance-Cookies gesammelten Daten sind anonym und lassen keine R\u00fcckschl\u00fcsse auf einzelne Nutzer zu.<\/p><h4 class=\"wp-block-heading\">Gezielte Werbung Cookies<\/h4><p>Werbe-Cookies verfolgen die Surfgewohnheiten und sammeln Informationen \u00fcber die Interessen der Nutzer, um relevante und gezielte Werbung bereitzustellen. Sie helfen uns, die Vorlieben der Nutzer zu verstehen und Werbung zu liefern, die wahrscheinlich von Interesse ist. Au\u00dferdem steuern Werbe-Cookies die H\u00e4ufigkeit der Anzeigen, um eine wiederholte Exposition zu verhindern.<\/p><h4 class=\"wp-block-heading\">Andere Cookies von Drittanbietern<\/h4><p>Cookies f\u00fcr soziale Medien erleichtern das Teilen von Inhalten unserer Website auf verschiedenen Plattformen f\u00fcr soziale Medien. Diese Cookies erm\u00f6glichen den nahtlosen Austausch von Informationen und Aktivit\u00e4ten auf unserer Website mit sozialen Netzwerken. Es ist wichtig, die Datenschutzrichtlinien dieser Drittanbieter-Plattformen zu lesen, um deren Datenverarbeitungspraktiken zu verstehen.<\/p><h3 class=\"wp-block-heading\">Cookie Dauer<\/h3><p>Cookies werden nach ihrer Speicherdauer in Sitzungscookies und dauerhafte Cookies eingeteilt.<\/p><ul class=\"wp-block-list\"><li><strong>Sitzungs-Cookies:<\/strong> Diese Cookies sind nur vor\u00fcbergehend und nur w\u00e4hrend des Surfens aktiv und werden gel\u00f6scht, wenn Sie Ihren Webbrowser schlie\u00dfen.<\/li>\n\n<li><strong>Dauerhafte Cookies:<\/strong> Dauerhafte Cookies werden auf der Festplatte Ihres Ger\u00e4ts gespeichert und bleiben so lange erhalten, bis sie gel\u00f6scht werden oder ihr Verfallsdatum erreichen. Unsere Politik beschr\u00e4nkt jedoch die Speicherung von Informationen aus dauerhaften Cookies auf maximal 2 Jahre.<\/li><\/ul><h3 class=\"wp-block-heading\">Kontrolle \u00fcber Cookies<\/h3><p>Sie haben die M\u00f6glichkeit, Cookies nach Ihren W\u00fcnschen zu kontrollieren und zu l\u00f6schen. Die meisten Browser erlauben es Ihnen, bestehende Cookies zu l\u00f6schen und Einstellungen zu konfigurieren, die verhindern, dass neue Cookies gesetzt werden. Die Deaktivierung von Cookies kann jedoch bestimmte Funktionen der Website beeintr\u00e4chtigen.<\/p><p>Weitere Informationen zur Verwendung personenbezogener Daten, zu den Empf\u00e4ngern, zur Speicherung, zur Sicherheit und zu den Rechten der Betroffenen finden Sie in unserer <em><a href=\"\/de\/privacy-policy\/\">Datenschutzbestimmungen<\/a><\/em>.<\/p><h3 class=\"wp-block-heading\">Kontakt<\/h3><p>Wenn Sie Fragen zu dieser Cookie-Richtlinie haben, wenden Sie sich bitte an uns:<\/p><ul class=\"wp-block-list contact-list\"><li>E-Mail: <a href=\"mailto:info@gllintor.com\">info@gllintor.com<\/a><\/li>\n\n<li>Rufnummer: <a href=\"tel:+447447106652\">+447447106652<\/a><\/li>\n\n<li>Website-Link: <a href=\"https:\/\/gllintor.com\/de\/lets-connect\/\">https:\/\/gllintor.com\/lets-connect\/<\/a><\/li><\/ul>","protected":false},"excerpt":{"rendered":"<p>What Are Cookies? Cookies are small pieces of data that websites store on your computer or mobile device when you visit them. These files contain information about your interactions with the website and help customise your browsing experience. For instance, cookies can remember your login details, language preferences, and other settings, eliminating the need to [&hellip;]<\/p>","protected":false},"author":1,"featured_media":0,"parent":0,"menu_order":0,"comment_status":"closed","ping_status":"closed","template":"template-pages\/template-policy.php","meta":{"_acf_changed":false,"footnotes":""},"class_list":["post-397","page","type-page","status-publish","hentry"],"acf":[],"yoast_head":"<!-- This site is optimized with the Yoast SEO plugin v23.8 - https:\/\/yoast.com\/wordpress\/plugins\/seo\/ -->\n<title>Cookie Policy -<\/title>\n<meta name=\"robots\" content=\"index, follow, max-snippet:-1, max-image-preview:large, max-video-preview:-1\" \/>\n<link rel=\"canonical\" href=\"https:\/\/gllintor.com\/de\/cookie-policy\/\" \/>\n<meta property=\"og:locale\" content=\"de_DE\" \/>\n<meta property=\"og:type\" content=\"article\" \/>\n<meta property=\"og:title\" content=\"Cookie Policy -\" \/>\n<meta property=\"og:description\" content=\"What Are Cookies? Cookies are small pieces of data that websites store on your computer or mobile device when you visit them. These files contain information about your interactions with the website and help customise your browsing experience. For instance, cookies can remember your login details, language preferences, and other settings, eliminating the need to [&hellip;]\" \/>\n<meta property=\"og:url\" content=\"https:\/\/gllintor.com\/de\/cookie-policy\/\" \/>\n<meta property=\"article:modified_time\" content=\"2025-11-21T09:07:31+00:00\" \/>\n<meta name=\"twitter:card\" content=\"summary_large_image\" \/>\n<meta name=\"twitter:label1\" content=\"Gesch\u00e4tzte Lesezeit\" \/>\n\t<meta name=\"twitter:data1\" content=\"3\u00a0Minuten\" \/>\n<script type=\"application\/ld+json\" class=\"yoast-schema-graph\">{\"@context\":\"https:\/\/schema.org\",\"@graph\":[{\"@type\":\"WebPage\",\"@id\":\"https:\/\/gllintor.com\/cookie-policy\/\",\"url\":\"https:\/\/gllintor.com\/cookie-policy\/\",\"name\":\"Cookie Policy -\",\"isPartOf\":{\"@id\":\"https:\/\/gllintor.com\/#website\"},\"datePublished\":\"2024-10-31T15:19:19+00:00\",\"dateModified\":\"2025-11-21T09:07:31+00:00\",\"breadcrumb\":{\"@id\":\"https:\/\/gllintor.com\/cookie-policy\/#breadcrumb\"},\"inLanguage\":\"de\",\"potentialAction\":[{\"@type\":\"ReadAction\",\"target\":[\"https:\/\/gllintor.com\/cookie-policy\/\"]}]},{\"@type\":\"BreadcrumbList\",\"@id\":\"https:\/\/gllintor.com\/cookie-policy\/#breadcrumb\",\"itemListElement\":[{\"@type\":\"ListItem\",\"position\":1,\"name\":\"Home\",\"item\":\"https:\/\/gllintor.com\/\"},{\"@type\":\"ListItem\",\"position\":2,\"name\":\"Cookie Policy\"}]},{\"@type\":\"WebSite\",\"@id\":\"https:\/\/gllintor.com\/#website\",\"url\":\"https:\/\/gllintor.com\/\",\"name\":\"\",\"description\":\"\",\"potentialAction\":[{\"@type\":\"SearchAction\",\"target\":{\"@type\":\"EntryPoint\",\"urlTemplate\":\"https:\/\/gllintor.com\/?s={search_term_string}\"},\"query-input\":{\"@type\":\"PropertyValueSpecification\",\"valueRequired\":true,\"valueName\":\"search_term_string\"}}],\"inLanguage\":\"de\"}]}<\/script>\n<!-- \/ Yoast SEO plugin. -->","yoast_head_json":{"title":"Cookie Policy -","robots":{"index":"index","follow":"follow","max-snippet":"max-snippet:-1","max-image-preview":"max-image-preview:large","max-video-preview":"max-video-preview:-1"},"canonical":"https:\/\/gllintor.com\/de\/cookie-policy\/","og_locale":"de_DE","og_type":"article","og_title":"Cookie Policy -","og_description":"What Are Cookies? Cookies are small pieces of data that websites store on your computer or mobile device when you visit them. These files contain information about your interactions with the website and help customise your browsing experience. For instance, cookies can remember your login details, language preferences, and other settings, eliminating the need to [&hellip;]","og_url":"https:\/\/gllintor.com\/de\/cookie-policy\/","article_modified_time":"2025-11-21T09:07:31+00:00","twitter_card":"summary_large_image","twitter_misc":{"Gesch\u00e4tzte Lesezeit":"3\u00a0Minuten"},"schema":{"@context":"https:\/\/schema.org","@graph":[{"@type":"WebPage","@id":"https:\/\/gllintor.com\/cookie-policy\/","url":"https:\/\/gllintor.com\/cookie-policy\/","name":"Cookie Policy -","isPartOf":{"@id":"https:\/\/gllintor.com\/#website"},"datePublished":"2024-10-31T15:19:19+00:00","dateModified":"2025-11-21T09:07:31+00:00","breadcrumb":{"@id":"https:\/\/gllintor.com\/cookie-policy\/#breadcrumb"},"inLanguage":"de","potentialAction":[{"@type":"ReadAction","target":["https:\/\/gllintor.com\/cookie-policy\/"]}]},{"@type":"BreadcrumbList","@id":"https:\/\/gllintor.com\/cookie-policy\/#breadcrumb","itemListElement":[{"@type":"ListItem","position":1,"name":"Home","item":"https:\/\/gllintor.com\/"},{"@type":"ListItem","position":2,"name":"Cookie Policy"}]},{"@type":"WebSite","@id":"https:\/\/gllintor.com\/#website","url":"https:\/\/gllintor.com\/","name":"","description":"","potentialAction":[{"@type":"SearchAction","target":{"@type":"EntryPoint","urlTemplate":"https:\/\/gllintor.com\/?s={search_term_string}"},"query-input":{"@type":"PropertyValueSpecification","valueRequired":true,"valueName":"search_term_string"}}],"inLanguage":"de"}]}},"_links":{"self":[{"href":"https:\/\/gllintor.com\/de\/wp-json\/wp\/v2\/pages\/397","targetHints":{"allow":["GET"]}}],"collection":[{"href":"https:\/\/gllintor.com\/de\/wp-json\/wp\/v2\/pages"}],"about":[{"href":"https:\/\/gllintor.com\/de\/wp-json\/wp\/v2\/types\/page"}],"author":[{"embeddable":true,"href":"https:\/\/gllintor.com\/de\/wp-json\/wp\/v2\/users\/1"}],"replies":[{"embeddable":true,"href":"https:\/\/gllintor.com\/de\/wp-json\/wp\/v2\/comments?post=397"}],"version-history":[{"count":9,"href":"https:\/\/gllintor.com\/de\/wp-json\/wp\/v2\/pages\/397\/revisions"}],"predecessor-version":[{"id":720,"href":"https:\/\/gllintor.com\/de\/wp-json\/wp\/v2\/pages\/397\/revisions\/720"}],"wp:attachment":[{"href":"https:\/\/gllintor.com\/de\/wp-json\/wp\/v2\/media?parent=397"}],"curies":[{"name":"wp","href":"https:\/\/api.w.org\/{rel}","templated":true}]}}