{"id":392,"date":"2024-10-31T15:03:58","date_gmt":"2024-10-31T15:03:58","guid":{"rendered":"https:\/\/gllintor.com\/?page_id=392"},"modified":"2025-11-21T09:08:31","modified_gmt":"2025-11-21T09:08:31","slug":"refund-policy","status":"publish","type":"page","link":"https:\/\/gllintor.com\/de\/refund-policy\/","title":{"rendered":"Erstattungspolitik"},"content":{"rendered":"<p>Wir bei Gllintor liefern hochwertige Produkte und sorgen f\u00fcr die Zufriedenheit unserer Kunden. Sollten Sie Probleme mit Ihrem Kauf haben, benachrichtigen Sie uns bitte unter <a href=\"mailto:info@gllintor.com\">info@gllintor.com<\/a> innerhalb von 30 Tagen nach dem Kaufdatum.<\/p><p>Um eine R\u00fcckerstattung zu beantragen, m\u00fcssen Sie einen der folgenden Gr\u00fcnde angeben:<br><br>\u2192 Das Produkt weicht erheblich von seiner Beschreibung oder den Vorschaubildern ab.<br>\u2192 Wichtige Modellkomponenten, Details, Texturen oder Dateien fehlen (mit Ausnahme von Einschr\u00e4nkungen aufgrund von Austauschformatbeschr\u00e4nkungen).<br>\u2192 Missverst\u00e4ndnis, dass es sich bei dem Produkt um einen physischen Gegenstand handelt, wobei die digitale Datei nicht heruntergeladen wird.<\/p><p>Um einen Antrag auf R\u00fcckerstattung zu stellen, teilen Sie uns bitte die Bestellnummer, eine detaillierte Beschreibung des aufgetretenen Problems sowie Informationen \u00fcber die verwendete Software und die Dateiformate mit. Nach Erhalt Ihres Erstattungsantrags werden wir uns bem\u00fchen, diesen innerhalb von 3 Werktagen zu bearbeiten.<\/p><p>Wenn Ihr R\u00fcckerstattungsantrag genehmigt wird, m\u00fcssen Sie alle Kopien der gekauften Produktdateien l\u00f6schen und d\u00fcrfen sie nicht behalten oder verwenden.<\/p><p>Wir legen gro\u00dfen Wert auf Ihre Zufriedenheit und sind bestrebt, alle Fragen zur Produktqualit\u00e4t so gut wie m\u00f6glich zu kl\u00e4ren. Wir sind bestrebt, Ihnen einen exzellenten Service zu bieten und freuen uns darauf, alle Probleme zu l\u00f6sen, die Sie haben. Wenn Sie Fragen haben oder weitere Unterst\u00fctzung ben\u00f6tigen, z\u00f6gern Sie bitte nicht, uns zu kontaktieren.<\/p><h3 class=\"wp-block-heading\">Kontaktinformationen<\/h3><p>Bei Fragen zum Erstattungsverfahren wenden Sie sich bitte an uns:<\/p><ul class=\"wp-block-list contact-list\"><li>E-Mail: <a href=\"mailto:info@gllintor.com\">info@gllintor.com<\/a><\/li>\n\n<li>Rufnummer: <a href=\"tel:+447447106652\">+447447106652<\/a><\/li>\n\n<li>Website-Link: <a href=\"http:\/\/gllintor.com\/de\/lets-connec\/\">gllintor.com\/lets-connec<\/a><\/li><\/ul><p><\/p>","protected":false},"excerpt":{"rendered":"<p>At Gllintor, we deliver high-quality products and ensure customer satisfaction. If you encounter any issues with your purchase, please notify us at info@gllintor.com within 30 days of the purchase date. To request a refund, you must provide one of the following reasons: \u2192 The product significantly differs from its description or preview images.\u2192 Key model [&hellip;]<\/p>","protected":false},"author":1,"featured_media":0,"parent":0,"menu_order":0,"comment_status":"closed","ping_status":"closed","template":"template-pages\/template-policy.php","meta":{"_acf_changed":false,"footnotes":""},"class_list":["post-392","page","type-page","status-publish","hentry"],"acf":[],"yoast_head":"<!-- This site is optimized with the Yoast SEO plugin v23.8 - https:\/\/yoast.com\/wordpress\/plugins\/seo\/ -->\n<title>Refund Policy -<\/title>\n<meta name=\"robots\" content=\"index, follow, max-snippet:-1, max-image-preview:large, max-video-preview:-1\" \/>\n<link rel=\"canonical\" href=\"https:\/\/gllintor.com\/de\/refund-policy\/\" \/>\n<meta property=\"og:locale\" content=\"de_DE\" \/>\n<meta property=\"og:type\" content=\"article\" \/>\n<meta property=\"og:title\" content=\"Refund Policy -\" \/>\n<meta property=\"og:description\" content=\"At Gllintor, we deliver high-quality products and ensure customer satisfaction. If you encounter any issues with your purchase, please notify us at info@gllintor.com within 30 days of the purchase date. To request a refund, you must provide one of the following reasons: \u2192 The product significantly differs from its description or preview images.\u2192 Key model [&hellip;]\" \/>\n<meta property=\"og:url\" content=\"https:\/\/gllintor.com\/de\/refund-policy\/\" \/>\n<meta property=\"article:modified_time\" content=\"2025-11-21T09:08:31+00:00\" \/>\n<meta name=\"twitter:card\" content=\"summary_large_image\" \/>\n<meta name=\"twitter:label1\" content=\"Gesch\u00e4tzte Lesezeit\" \/>\n\t<meta name=\"twitter:data1\" content=\"1\u00a0Minute\" \/>\n<script type=\"application\/ld+json\" class=\"yoast-schema-graph\">{\"@context\":\"https:\/\/schema.org\",\"@graph\":[{\"@type\":\"WebPage\",\"@id\":\"https:\/\/gllintor.com\/refund-policy\/\",\"url\":\"https:\/\/gllintor.com\/refund-policy\/\",\"name\":\"Refund Policy -\",\"isPartOf\":{\"@id\":\"https:\/\/gllintor.com\/#website\"},\"datePublished\":\"2024-10-31T15:03:58+00:00\",\"dateModified\":\"2025-11-21T09:08:31+00:00\",\"breadcrumb\":{\"@id\":\"https:\/\/gllintor.com\/refund-policy\/#breadcrumb\"},\"inLanguage\":\"de\",\"potentialAction\":[{\"@type\":\"ReadAction\",\"target\":[\"https:\/\/gllintor.com\/refund-policy\/\"]}]},{\"@type\":\"BreadcrumbList\",\"@id\":\"https:\/\/gllintor.com\/refund-policy\/#breadcrumb\",\"itemListElement\":[{\"@type\":\"ListItem\",\"position\":1,\"name\":\"Home\",\"item\":\"https:\/\/gllintor.com\/\"},{\"@type\":\"ListItem\",\"position\":2,\"name\":\"Refund Policy\"}]},{\"@type\":\"WebSite\",\"@id\":\"https:\/\/gllintor.com\/#website\",\"url\":\"https:\/\/gllintor.com\/\",\"name\":\"\",\"description\":\"\",\"potentialAction\":[{\"@type\":\"SearchAction\",\"target\":{\"@type\":\"EntryPoint\",\"urlTemplate\":\"https:\/\/gllintor.com\/?s={search_term_string}\"},\"query-input\":{\"@type\":\"PropertyValueSpecification\",\"valueRequired\":true,\"valueName\":\"search_term_string\"}}],\"inLanguage\":\"de\"}]}<\/script>\n<!-- \/ Yoast SEO plugin. -->","yoast_head_json":{"title":"Refund Policy -","robots":{"index":"index","follow":"follow","max-snippet":"max-snippet:-1","max-image-preview":"max-image-preview:large","max-video-preview":"max-video-preview:-1"},"canonical":"https:\/\/gllintor.com\/de\/refund-policy\/","og_locale":"de_DE","og_type":"article","og_title":"Refund Policy -","og_description":"At Gllintor, we deliver high-quality products and ensure customer satisfaction. If you encounter any issues with your purchase, please notify us at info@gllintor.com within 30 days of the purchase date. To request a refund, you must provide one of the following reasons: \u2192 The product significantly differs from its description or preview images.\u2192 Key model [&hellip;]","og_url":"https:\/\/gllintor.com\/de\/refund-policy\/","article_modified_time":"2025-11-21T09:08:31+00:00","twitter_card":"summary_large_image","twitter_misc":{"Gesch\u00e4tzte Lesezeit":"1\u00a0Minute"},"schema":{"@context":"https:\/\/schema.org","@graph":[{"@type":"WebPage","@id":"https:\/\/gllintor.com\/refund-policy\/","url":"https:\/\/gllintor.com\/refund-policy\/","name":"Refund Policy -","isPartOf":{"@id":"https:\/\/gllintor.com\/#website"},"datePublished":"2024-10-31T15:03:58+00:00","dateModified":"2025-11-21T09:08:31+00:00","breadcrumb":{"@id":"https:\/\/gllintor.com\/refund-policy\/#breadcrumb"},"inLanguage":"de","potentialAction":[{"@type":"ReadAction","target":["https:\/\/gllintor.com\/refund-policy\/"]}]},{"@type":"BreadcrumbList","@id":"https:\/\/gllintor.com\/refund-policy\/#breadcrumb","itemListElement":[{"@type":"ListItem","position":1,"name":"Home","item":"https:\/\/gllintor.com\/"},{"@type":"ListItem","position":2,"name":"Refund Policy"}]},{"@type":"WebSite","@id":"https:\/\/gllintor.com\/#website","url":"https:\/\/gllintor.com\/","name":"","description":"","potentialAction":[{"@type":"SearchAction","target":{"@type":"EntryPoint","urlTemplate":"https:\/\/gllintor.com\/?s={search_term_string}"},"query-input":{"@type":"PropertyValueSpecification","valueRequired":true,"valueName":"search_term_string"}}],"inLanguage":"de"}]}},"_links":{"self":[{"href":"https:\/\/gllintor.com\/de\/wp-json\/wp\/v2\/pages\/392","targetHints":{"allow":["GET"]}}],"collection":[{"href":"https:\/\/gllintor.com\/de\/wp-json\/wp\/v2\/pages"}],"about":[{"href":"https:\/\/gllintor.com\/de\/wp-json\/wp\/v2\/types\/page"}],"author":[{"embeddable":true,"href":"https:\/\/gllintor.com\/de\/wp-json\/wp\/v2\/users\/1"}],"replies":[{"embeddable":true,"href":"https:\/\/gllintor.com\/de\/wp-json\/wp\/v2\/comments?post=392"}],"version-history":[{"count":9,"href":"https:\/\/gllintor.com\/de\/wp-json\/wp\/v2\/pages\/392\/revisions"}],"predecessor-version":[{"id":722,"href":"https:\/\/gllintor.com\/de\/wp-json\/wp\/v2\/pages\/392\/revisions\/722"}],"wp:attachment":[{"href":"https:\/\/gllintor.com\/de\/wp-json\/wp\/v2\/media?parent=392"}],"curies":[{"name":"wp","href":"https:\/\/api.w.org\/{rel}","templated":true}]}}